{"id":8,"date":"2024-06-26T09:15:18","date_gmt":"2024-06-26T07:15:18","guid":{"rendered":"https:\/\/www.groupe-dm1m.fr\/?page_id=8"},"modified":"2024-06-26T11:35:25","modified_gmt":"2024-06-26T09:35:25","slug":"accueil","status":"publish","type":"page","link":"https:\/\/www.groupe-dm1m.fr\/","title":{"rendered":"Accueil"},"content":{"rendered":"\t\t<div data-elementor-type=\"wp-post\" data-elementor-id=\"8\" class=\"elementor elementor-8\" data-elementor-post-type=\"page\">\n\t\t\t\t<div class=\"elementor-element elementor-element-2ee487d e-flex e-con-boxed e-con e-parent\" data-id=\"2ee487d\" data-element_type=\"container\">\n\t\t\t\t\t<div class=\"e-con-inner\">\n\t\t<div class=\"elementor-element elementor-element-39dcd71 e-con-full e-flex e-con e-child\" data-id=\"39dcd71\" data-element_type=\"container\">\n\t\t\t\t<div class=\"elementor-element elementor-element-50b8b8d elementor-widget elementor-widget-image\" data-id=\"50b8b8d\" data-element_type=\"widget\" data-widget_type=\"image.default\">\n\t\t\t\t<div class=\"elementor-widget-container\">\n\t\t\t<style>\/*! elementor - v3.22.0 - 24-06-2024 *\/\n.elementor-widget-image{text-align:center}.elementor-widget-image a{display:inline-block}.elementor-widget-image a img[src$=\".svg\"]{width:48px}.elementor-widget-image img{vertical-align:middle;display:inline-block}<\/style>\t\t\t\t\t\t\t\t\t\t<img decoding=\"async\" width=\"188\" height=\"60\" src=\"https:\/\/www.groupe-dm1m.fr\/wp-content\/uploads\/2024\/06\/logo_dm1m.svg\" class=\"attachment-large size-large wp-image-31\" alt=\"\" \/>\t\t\t\t\t\t\t\t\t\t\t\t\t<\/div>\n\t\t\t\t<\/div>\n\t\t\t\t<div class=\"elementor-element elementor-element-1753126 elementor-widget elementor-widget-heading\" data-id=\"1753126\" data-element_type=\"widget\" data-widget_type=\"heading.default\">\n\t\t\t\t<div class=\"elementor-widget-container\">\n\t\t\t<style>\/*! elementor - v3.22.0 - 24-06-2024 *\/\n.elementor-heading-title{padding:0;margin:0;line-height:1}.elementor-widget-heading .elementor-heading-title[class*=elementor-size-]>a{color:inherit;font-size:inherit;line-height:inherit}.elementor-widget-heading .elementor-heading-title.elementor-size-small{font-size:15px}.elementor-widget-heading .elementor-heading-title.elementor-size-medium{font-size:19px}.elementor-widget-heading .elementor-heading-title.elementor-size-large{font-size:29px}.elementor-widget-heading .elementor-heading-title.elementor-size-xl{font-size:39px}.elementor-widget-heading .elementor-heading-title.elementor-size-xxl{font-size:59px}<\/style><h2 class=\"elementor-heading-title elementor-size-default\">pour <font color=\"#DD6B6B\">Design&nbsp;moi un&nbsp;mouton&nbsp;!<\/color><\/h2>\t\t<\/div>\n\t\t\t\t<\/div>\n\t\t\t\t<div class=\"elementor-element elementor-element-08709fe elementor-widget elementor-widget-heading\" data-id=\"08709fe\" data-element_type=\"widget\" data-widget_type=\"heading.default\">\n\t\t\t\t<div class=\"elementor-widget-container\">\n\t\t\t<h6 class=\"elementor-heading-title elementor-size-default\">Depuis 15 ans, nous nous attachons \u00e0 accompagner nos clients \u00e0 toutes les \u00e9tapes de la chaine graphique gr\u00e2ce \u00e0 l\u2019expertise de nos 3 marques.\nAvec chacun d\u2019entre vous, nous travaillons pour cr\u00e9er les supports digitaux et Print unique \u00e0 l\u2019image de votre identit\u00e9 afin de sublimer votre image et d\u00e9velopper votre marque.<\/h6>\t\t<\/div>\n\t\t\t\t<\/div>\n\t\t\t\t<div class=\"elementor-element elementor-element-b9439a7 elementor-widget elementor-widget-heading\" data-id=\"b9439a7\" data-element_type=\"widget\" data-widget_type=\"heading.default\">\n\t\t\t\t<div class=\"elementor-widget-container\">\n\t\t\t<h6 class=\"elementor-heading-title elementor-size-default\">C\u2019est ce travail sur-mesure, \u00ab\u00a0le mouton \u00e0 5 pattes\u00a0\u00bb, qui rendra votre communication unique et incomparable !<\/h6>\t\t<\/div>\n\t\t\t\t<\/div>\n\t\t\t\t<\/div>\n\t\t\t\t\t<\/div>\n\t\t\t\t<\/div>\n\t\t<div class=\"elementor-element elementor-element-7b8a30e e-flex e-con-boxed e-con e-parent\" data-id=\"7b8a30e\" data-element_type=\"container\">\n\t\t\t\t\t<div class=\"e-con-inner\">\n\t\t\t\t<div class=\"elementor-element elementor-element-74fc6dd elementor-widget elementor-widget-heading\" data-id=\"74fc6dd\" data-element_type=\"widget\" data-widget_type=\"heading.default\">\n\t\t\t\t<div class=\"elementor-widget-container\">\n\t\t\t<h6 class=\"elementor-heading-title elementor-size-default\">D\u00e9couvrez nos 3 marques<\/h6>\t\t<\/div>\n\t\t\t\t<\/div>\n\t\t\t\t\t<\/div>\n\t\t\t\t<\/div>\n\t\t<div class=\"elementor-element elementor-element-26d9c36 e-flex e-con-boxed e-con e-parent\" data-id=\"26d9c36\" data-element_type=\"container\">\n\t\t\t\t\t<div class=\"e-con-inner\">\n\t\t<div class=\"elementor-element elementor-element-58c641c e-con-full e-flex e-con e-child\" data-id=\"58c641c\" data-element_type=\"container\">\n\t\t<div class=\"elementor-element elementor-element-1950757 e-con-full e-flex e-con e-child\" data-id=\"1950757\" data-element_type=\"container\">\n\t\t\t\t<div class=\"elementor-element elementor-element-221852c elementor-widget elementor-widget-image\" data-id=\"221852c\" data-element_type=\"widget\" data-widget_type=\"image.default\">\n\t\t\t\t<div class=\"elementor-widget-container\">\n\t\t\t\t\t\t\t\t\t\t\t\t\t\t<a href=\"https:\/\/phenix-studio.fr\/\" target=\"_blank\">\n\t\t\t\t\t\t\t<img decoding=\"async\" width=\"142\" height=\"54\" src=\"https:\/\/www.groupe-dm1m.fr\/wp-content\/uploads\/2024\/06\/phenix_logo.svg\" class=\"attachment-large size-large wp-image-36\" alt=\"\" \/>\t\t\t\t\t\t\t\t<\/a>\n\t\t\t\t\t\t\t\t\t\t\t\t\t<\/div>\n\t\t\t\t<\/div>\n\t\t\t\t<\/div>\n\t\t\t\t<div class=\"elementor-element elementor-element-b2cfa2f elementor-widget elementor-widget-heading\" data-id=\"b2cfa2f\" data-element_type=\"widget\" data-widget_type=\"heading.default\">\n\t\t\t\t<div class=\"elementor-widget-container\">\n\t\t\t<h6 class=\"elementor-heading-title elementor-size-default\">Studio cr\u00e9a<\/h6>\t\t<\/div>\n\t\t\t\t<\/div>\n\t\t\t\t<\/div>\n\t\t<div class=\"elementor-element elementor-element-e06a6be e-con-full e-flex e-con e-child\" data-id=\"e06a6be\" data-element_type=\"container\">\n\t\t<div class=\"elementor-element elementor-element-97cc66d e-con-full e-flex e-con e-child\" data-id=\"97cc66d\" data-element_type=\"container\">\n\t\t\t\t<div class=\"elementor-element elementor-element-d801aa4 elementor-widget elementor-widget-image\" data-id=\"d801aa4\" data-element_type=\"widget\" data-widget_type=\"image.default\">\n\t\t\t\t<div class=\"elementor-widget-container\">\n\t\t\t\t\t\t\t\t\t\t\t\t\t\t<a href=\"https:\/\/www.imprimeriemaya.fr\/\" target=\"_blank\">\n\t\t\t\t\t\t\t<img decoding=\"async\" width=\"120\" height=\"108\" src=\"https:\/\/www.groupe-dm1m.fr\/wp-content\/uploads\/2024\/06\/maya_logo.svg\" class=\"attachment-large size-large wp-image-37\" alt=\"\" \/>\t\t\t\t\t\t\t\t<\/a>\n\t\t\t\t\t\t\t\t\t\t\t\t\t<\/div>\n\t\t\t\t<\/div>\n\t\t\t\t<\/div>\n\t\t\t\t<div class=\"elementor-element elementor-element-58925d8 elementor-widget elementor-widget-heading\" data-id=\"58925d8\" data-element_type=\"widget\" data-widget_type=\"heading.default\">\n\t\t\t\t<div class=\"elementor-widget-container\">\n\t\t\t<h6 class=\"elementor-heading-title elementor-size-default\">Impression, goodies et textiles<\/h6>\t\t<\/div>\n\t\t\t\t<\/div>\n\t\t\t\t<\/div>\n\t\t<div class=\"elementor-element elementor-element-233dc6a e-con-full e-flex e-con e-child\" data-id=\"233dc6a\" data-element_type=\"container\">\n\t\t<div class=\"elementor-element elementor-element-482f670 e-con-full e-flex e-con e-child\" data-id=\"482f670\" data-element_type=\"container\">\n\t\t\t\t<div class=\"elementor-element elementor-element-6f63cdc elementor-widget elementor-widget-image\" data-id=\"6f63cdc\" data-element_type=\"widget\" data-widget_type=\"image.default\">\n\t\t\t\t<div class=\"elementor-widget-container\">\n\t\t\t\t\t\t\t\t\t\t\t\t\t\t<a href=\"http:\/\/www.serigraphie-ateliers.com\/\" target=\"_blank\">\n\t\t\t\t\t\t\t<img loading=\"lazy\" decoding=\"async\" width=\"800\" height=\"279\" src=\"https:\/\/www.groupe-dm1m.fr\/wp-content\/uploads\/2024\/06\/logo-ateliers.svg\" class=\"attachment-large size-large wp-image-41\" alt=\"\" \/>\t\t\t\t\t\t\t\t<\/a>\n\t\t\t\t\t\t\t\t\t\t\t\t\t<\/div>\n\t\t\t\t<\/div>\n\t\t\t\t<\/div>\n\t\t\t\t<div class=\"elementor-element elementor-element-043c18c elementor-widget elementor-widget-heading\" data-id=\"043c18c\" data-element_type=\"widget\" data-widget_type=\"heading.default\">\n\t\t\t\t<div class=\"elementor-widget-container\">\n\t\t\t<h6 class=\"elementor-heading-title elementor-size-default\">Impression num\u00e9rique grands formats<\/h6>\t\t<\/div>\n\t\t\t\t<\/div>\n\t\t\t\t<\/div>\n\t\t\t\t\t<\/div>\n\t\t\t\t<\/div>\n\t\t<div class=\"elementor-element elementor-element-722a17e e-flex e-con-boxed e-con e-parent\" data-id=\"722a17e\" data-element_type=\"container\" data-settings=\"{&quot;background_background&quot;:&quot;classic&quot;}\">\n\t\t\t\t\t<div class=\"e-con-inner\">\n\t\t<div class=\"elementor-element elementor-element-2085d31 e-con-full e-flex e-con e-child\" data-id=\"2085d31\" data-element_type=\"container\">\n\t\t\t\t<\/div>\n\t\t<div class=\"elementor-element elementor-element-b94ed7d e-con-full e-flex e-con e-child\" data-id=\"b94ed7d\" data-element_type=\"container\">\n\t\t\t\t<div class=\"elementor-element elementor-element-b918970 elementor-widget elementor-widget-image\" data-id=\"b918970\" data-element_type=\"widget\" data-widget_type=\"image.default\">\n\t\t\t\t<div class=\"elementor-widget-container\">\n\t\t\t\t\t\t\t\t\t\t\t\t\t<img decoding=\"async\" width=\"188\" height=\"60\" src=\"https:\/\/www.groupe-dm1m.fr\/wp-content\/uploads\/2024\/06\/logo_dm1m.svg\" class=\"attachment-large size-large wp-image-31\" alt=\"\" \/>\t\t\t\t\t\t\t\t\t\t\t\t\t<\/div>\n\t\t\t\t<\/div>\n\t\t\t\t<\/div>\n\t\t<div class=\"elementor-element elementor-element-233cf37 e-con-full e-flex e-con e-child\" data-id=\"233cf37\" data-element_type=\"container\">\n\t\t\t\t<div class=\"elementor-element elementor-element-61f00a1 elementor-widget elementor-widget-heading\" data-id=\"61f00a1\" data-element_type=\"widget\" data-widget_type=\"heading.default\">\n\t\t\t\t<div class=\"elementor-widget-container\">\n\t\t\t<h2 class=\"elementor-heading-title elementor-size-default\">37 Impasse Alfred Kastler<br>\n44115 Haute-Goulaine<\/h2>\t\t<\/div>\n\t\t\t\t<\/div>\n\t\t\t\t<\/div>\n\t\t<div class=\"elementor-element elementor-element-9c33520 e-con-full e-flex e-con e-child\" data-id=\"9c33520\" data-element_type=\"container\">\n\t\t\t\t<\/div>\n\t\t\t\t\t<\/div>\n\t\t\t\t<\/div>\n\t\t\t\t<\/div>\n\t\t","protected":false},"excerpt":{"rendered":"<p>pour Design&nbsp;moi un&nbsp;mouton&nbsp;! Depuis 15 ans, nous nous attachons \u00e0 accompagner nos clients \u00e0 toutes les \u00e9tapes de la chaine graphique gr\u00e2ce \u00e0 l\u2019expertise de nos 3 marques. Avec chacun d\u2019entre vous, nous travaillons pour cr\u00e9er les supports digitaux et Print unique \u00e0 l\u2019image de votre identit\u00e9 afin de sublimer votre image et d\u00e9velopper votre [&hellip;]<\/p>\n","protected":false},"author":1,"featured_media":0,"parent":0,"menu_order":0,"comment_status":"closed","ping_status":"closed","template":"elementor_canvas","meta":{"footnotes":""},"class_list":["post-8","page","type-page","status-publish","hentry"],"_links":{"self":[{"href":"https:\/\/www.groupe-dm1m.fr\/index.php\/wp-json\/wp\/v2\/pages\/8","targetHints":{"allow":["GET"]}}],"collection":[{"href":"https:\/\/www.groupe-dm1m.fr\/index.php\/wp-json\/wp\/v2\/pages"}],"about":[{"href":"https:\/\/www.groupe-dm1m.fr\/index.php\/wp-json\/wp\/v2\/types\/page"}],"author":[{"embeddable":true,"href":"https:\/\/www.groupe-dm1m.fr\/index.php\/wp-json\/wp\/v2\/users\/1"}],"replies":[{"embeddable":true,"href":"https:\/\/www.groupe-dm1m.fr\/index.php\/wp-json\/wp\/v2\/comments?post=8"}],"version-history":[{"count":92,"href":"https:\/\/www.groupe-dm1m.fr\/index.php\/wp-json\/wp\/v2\/pages\/8\/revisions"}],"predecessor-version":[{"id":143,"href":"https:\/\/www.groupe-dm1m.fr\/index.php\/wp-json\/wp\/v2\/pages\/8\/revisions\/143"}],"wp:attachment":[{"href":"https:\/\/www.groupe-dm1m.fr\/index.php\/wp-json\/wp\/v2\/media?parent=8"}],"curies":[{"name":"wp","href":"https:\/\/api.w.org\/{rel}","templated":true}]}}